{"id":2,"date":"2013-03-10T18:36:02","date_gmt":"2013-03-10T18:36:02","guid":{"rendered":"http:\/\/ff-buehl.de\/?page_id=2"},"modified":"2014-08-08T21:24:31","modified_gmt":"2014-08-08T20:24:31","slug":"sample-page","status":"publish","type":"page","link":"https:\/\/ff-buehl.de\/","title":{"rendered":"Herzlich Willkommen"},"content":{"rendered":"<p>Herzlich willkommen auf den Seiten der<\/p>\n<div id=\"attachment_239\" style=\"width: 246px\" class=\"wp-caption alignnone\"><a href=\"https:\/\/ff-buehl.de\/wp-content\/uploads\/2013\/05\/Feuerwehr-B\u00fchl_wappen.jpg\"><img loading=\"lazy\" decoding=\"async\" aria-describedby=\"caption-attachment-239\" class=\"size-medium wp-image-239\" src=\"https:\/\/ff-buehl.de\/wp-content\/uploads\/2013\/05\/Feuerwehr-B\u00fchl_wappen-236x300.jpg\" alt=\"Wappen FF-B\u00fchl\" width=\"236\" height=\"300\" srcset=\"https:\/\/ff-buehl.de\/wp-content\/uploads\/2013\/05\/Feuerwehr-B\u00fchl_wappen-236x300.jpg 236w, https:\/\/ff-buehl.de\/wp-content\/uploads\/2013\/05\/Feuerwehr-B\u00fchl_wappen-807x1024.jpg 807w, https:\/\/ff-buehl.de\/wp-content\/uploads\/2013\/05\/Feuerwehr-B\u00fchl_wappen.jpg 828w\" sizes=\"auto, (max-width: 236px) 100vw, 236px\" \/><\/a><p id=\"caption-attachment-239\" class=\"wp-caption-text\">FF B\u00fchl<\/p><\/div>\n<p>hier k\u00f6nnen sie aktuelle Informationen zum Verein finden. Von <a title=\"Termine\" href=\"https:\/\/ff-buehl.de\/?page_id=13\">Terminen<\/a>, \u00fcber <a title=\"Bilder\" href=\"https:\/\/ff-buehl.de\/?page_id=19\">Bilder<\/a>, bis zu <a href=\"https:\/\/ff-buehl.de\/?cat=4\">aktuellen Themen<\/a> \/ <a href=\"https:\/\/ff-buehl.de\/?cat=8\">Eins\u00e4tze<\/a> und nat\u00fcrlich zu unserem <a title=\"Gartenfest 2013\" href=\"https:\/\/ff-buehl.de\/?page_id=25\">Gartenfest<\/a> das traditionell j\u00e4hrlich an Fronleichnam stattfindet. Durch die Spamflut sind derzeit keine Kommentare m\u00f6glich. Gerne k\u00f6nnen sie mir <a href=\"mailto:webmaster@ff-buehl.de\">direkt schreiben<\/a>.<\/p>\n","protected":false},"excerpt":{"rendered":"<p>Herzlich willkommen auf den Seiten der hier k\u00f6nnen sie aktuelle Informationen zum Verein finden. Von Terminen, \u00fcber Bilder, bis zu aktuellen Themen \/ Eins\u00e4tze und nat\u00fcrlich zu unserem Gartenfest das traditionell j\u00e4hrlich an Fronleichnam stattfindet. Durch die Spamflut sind derzeit &hellip; <a href=\"https:\/\/ff-buehl.de\/\">Weiterlesen <span class=\"meta-nav\">&rarr;<\/span><\/a><\/p>\n","protected":false},"author":1,"featured_media":0,"parent":0,"menu_order":0,"comment_status":"open","ping_status":"open","template":"showcase.php","meta":{"footnotes":""},"class_list":["post-2","page","type-page","status-publish","hentry"],"_links":{"self":[{"href":"https:\/\/ff-buehl.de\/index.php?rest_route=\/wp\/v2\/pages\/2","targetHints":{"allow":["GET"]}}],"collection":[{"href":"https:\/\/ff-buehl.de\/index.php?rest_route=\/wp\/v2\/pages"}],"about":[{"href":"https:\/\/ff-buehl.de\/index.php?rest_route=\/wp\/v2\/types\/page"}],"author":[{"embeddable":true,"href":"https:\/\/ff-buehl.de\/index.php?rest_route=\/wp\/v2\/users\/1"}],"replies":[{"embeddable":true,"href":"https:\/\/ff-buehl.de\/index.php?rest_route=%2Fwp%2Fv2%2Fcomments&post=2"}],"version-history":[{"count":16,"href":"https:\/\/ff-buehl.de\/index.php?rest_route=\/wp\/v2\/pages\/2\/revisions"}],"predecessor-version":[{"id":592,"href":"https:\/\/ff-buehl.de\/index.php?rest_route=\/wp\/v2\/pages\/2\/revisions\/592"}],"wp:attachment":[{"href":"https:\/\/ff-buehl.de\/index.php?rest_route=%2Fwp%2Fv2%2Fmedia&parent=2"}],"curies":[{"name":"wp","href":"https:\/\/api.w.org\/{rel}","templated":true}]}}