{"id":34,"date":"2013-03-10T21:03:10","date_gmt":"2013-03-10T20:03:10","guid":{"rendered":"http:\/\/ff-buehl.de\/?page_id=34"},"modified":"2013-04-28T21:01:13","modified_gmt":"2013-04-28T20:01:13","slug":"uber-uns","status":"publish","type":"page","link":"https:\/\/ff-buehl.de\/?page_id=34","title":{"rendered":"\u00dcber uns"},"content":{"rendered":"<p>In der Seite <a title=\"Vorstandschaft\" href=\"https:\/\/ff-buehl.de\/?page_id=38\">Vorstandschaft<\/a> stellt sich die derzeitige Vorstandschaft vor und unter <a title=\"Bilder\" href=\"https:\/\/ff-buehl.de\/?page_id=19\">Bilder<\/a> sind ein paar Eindr\u00fccke aus dem aktuellen Vereinsgeschehen zusammen gefasst. Mit der Seite <a title=\"Geschichte\" href=\"https:\/\/ff-buehl.de\/?page_id=188\">Geschichte<\/a> kann man sich \u00fcber die Vergangenheit der Freiwilligen Feuerwehr B\u00fchl informieren.<\/p>\n","protected":false},"excerpt":{"rendered":"<p>In der Seite Vorstandschaft stellt sich die derzeitige Vorstandschaft vor und unter Bilder sind ein paar Eindr\u00fccke aus dem aktuellen Vereinsgeschehen zusammen gefasst. Mit der Seite Geschichte kann man sich \u00fcber die Vergangenheit der Freiwilligen Feuerwehr B\u00fchl informieren.<\/p>\n","protected":false},"author":1,"featured_media":0,"parent":0,"menu_order":1,"comment_status":"closed","ping_status":"closed","template":"","meta":{"footnotes":""},"class_list":["post-34","page","type-page","status-publish","hentry"],"_links":{"self":[{"href":"https:\/\/ff-buehl.de\/index.php?rest_route=\/wp\/v2\/pages\/34","targetHints":{"allow":["GET"]}}],"collection":[{"href":"https:\/\/ff-buehl.de\/index.php?rest_route=\/wp\/v2\/pages"}],"about":[{"href":"https:\/\/ff-buehl.de\/index.php?rest_route=\/wp\/v2\/types\/page"}],"author":[{"embeddable":true,"href":"https:\/\/ff-buehl.de\/index.php?rest_route=\/wp\/v2\/users\/1"}],"replies":[{"embeddable":true,"href":"https:\/\/ff-buehl.de\/index.php?rest_route=%2Fwp%2Fv2%2Fcomments&post=34"}],"version-history":[{"count":5,"href":"https:\/\/ff-buehl.de\/index.php?rest_route=\/wp\/v2\/pages\/34\/revisions"}],"predecessor-version":[{"id":130,"href":"https:\/\/ff-buehl.de\/index.php?rest_route=\/wp\/v2\/pages\/34\/revisions\/130"}],"wp:attachment":[{"href":"https:\/\/ff-buehl.de\/index.php?rest_route=%2Fwp%2Fv2%2Fmedia&parent=34"}],"curies":[{"name":"wp","href":"https:\/\/api.w.org\/{rel}","templated":true}]}}